{"id":3,"date":"2023-12-18T12:01:34","date_gmt":"2023-12-18T12:01:34","guid":{"rendered":"https:\/\/compacc.tax\/?page_id=3"},"modified":"2024-01-18T11:30:28","modified_gmt":"2024-01-18T10:30:28","slug":"polityka-prywatnosci","status":"publish","type":"page","link":"https:\/\/compacc.tax\/pl\/polityka-prywatnosci\/","title":{"rendered":"Polityka prywatno\u015bci"},"content":{"rendered":"\n<h2 class=\"wp-block-heading\"><strong>\u00a7.1 Postanowienia Og\u00f3lne<\/strong><\/h2>\n\n\n\n<ol class=\"wp-block-list\">\n<li>Administratorem danych jest Rafin Group Sp\u00f3\u0142ka z ograniczon\u0105 odpowiedzialno\u015bci\u0105,&nbsp; ul. Pokoju 1, 43-400 Cieszyn wpisana do rejestru przedsi\u0119biorc\u00f3w Krajowego Rejestru S\u0105dowego pod numerem KRS 0000792440, kt\u00f3rej dokumentacja przechowywana jest w S\u0105dzie Rejonowym w Bielsku-Bia\u0142ej, VIII Wydzia\u0142 Gospodarczy Krajowego Rejestru S\u0105dowego, NIP: 5482725602, REGON: 383720045, o kapitale zak\u0142adowym i wp\u0142aconym: 5 000 PLN.<\/li>\n\n\n\n<li>Ochrona danych odbywa si\u0119 zgodnie z&nbsp;wymogami powszechnie obowi\u0105zuj\u0105cych przepis\u00f3w prawa, a&nbsp;ich przechowywanie ma miejsce na zabezpieczonych serwerach.<\/li>\n\n\n\n<li>Dla interpretacji termin\u00f3w stosuje si\u0119 s\u0142owniczek Regulaminu lub tak jak zosta\u0142o to opisane w&nbsp;Polityce Prywatno\u015bci (je\u017celi wynika to bezpo\u015brednio z&nbsp;opisu).<\/li>\n\n\n\n<li>Na potrzeby lepszego odbioru Polityki Prywatno\u015bci termin \u201eU\u017cytkownik\u201d zast\u0105piony zosta\u0142 okre\u015bleniem \u201eTy\u201d, &nbsp;\u201eAdministrator\u201d \u2013&nbsp;\u201eMy\u201d. Termin \u201eRODO\u201d oznacza Rozporz\u0105dzenie Parlamentu Europejskiego i&nbsp;Rady (UE) 2016\/679 z&nbsp;dnia 27 kwietnia 2016 r. w&nbsp;sprawie ochrony os\u00f3b fizycznych w&nbsp;zwi\u0105zku z&nbsp;przetwarzaniem danych osobowych i&nbsp;w sprawie swobodnego przep\u0142ywu takich danych oraz uchylenia dyrektywy 95\/46\/WE.<\/li>\n\n\n\n<li>Szanujemy prawo do prywatno\u015bci i&nbsp;dbamy o&nbsp;bezpiecze\u0144stwo danych. W&nbsp;tym celu u\u017cywany jest m.in. bezpieczny protok\u00f3\u0142 szyfrowania komunikacji (SSL).<\/li>\n\n\n\n<li>Dane osobowe podawane w&nbsp;formularzach kontaktowych s\u0105 traktowane jako poufne i&nbsp;nie s\u0105 widoczne dla os\u00f3b nieuprawnionych.<\/li>\n<\/ol>\n\n\n\n<h2 class=\"wp-block-heading\"><strong>\u00a72. Administrator Danych<\/strong><\/h2>\n\n\n\n<ol class=\"wp-block-list\" start=\"7\">\n<li>Us\u0142ugodawca jest administratorem danych swoich klient\u00f3w. Oznacza to, \u017ce je\u015bli posiadasz Konto na naszej stronie, to przetwarzamy Twoje dane jak: imi\u0119, nazwisko, adres e-mail, numer telefonu, stanowisko, miejsce pracy, adres IP.<\/li>\n\n\n\n<li>Us\u0142ugodawca jest tak\u017ce administratorem os\u00f3b zapisanych na newsletter oraz os\u00f3b korzystaj\u0105cych z&nbsp;formularza kontaktowego i&nbsp;formularza zapyta\u0144.<\/li>\n\n\n\n<li>Dane osobowe przetwarzane s\u0105:<br>a. zgodnie z&nbsp;przepisami dotycz\u0105cymi ochrony danych osobowych,<br>b. zgodnie z&nbsp;wdro\u017con\u0105 Polityk\u0105 Prywatno\u015bci,<br>c. w&nbsp;zakresie i&nbsp;celu niezb\u0119dnym do nawi\u0105zania, ukszta\u0142towania tre\u015bci Umowy, zmiany b\u0105d\u017a jej rozwi\u0105zania oraz prawid\u0142owej realizacji Us\u0142ug \u015bwiadczonych drog\u0105 elektroniczn\u0105,<br>d. w&nbsp;zakresie i&nbsp;celu niezb\u0119dnym do wype\u0142nienia uzasadnionych interes\u00f3w (prawnie usprawiedliwionych cel\u00f3w), a&nbsp;przetwarzanie nie narusza praw i&nbsp;wolno\u015bci osoby, kt\u00f3rej dane dotycz\u0105: w&nbsp;zakresie i&nbsp;celu zgodnym ze zgod\u0105 wyra\u017con\u0105 przez Ciebie je\u015bli [przyk\u0142adowo] zapisa\u0142e\u015b si\u0119 na newsletter, w&nbsp;zakresie i&nbsp;celu zgodnym z&nbsp;wyra\u017con\u0105 przez Ciebie zgod\u0105&nbsp;je\u017celi [przyk\u0142adowo] u\u017cy\u0142e\u015b formularza kontaktowego lub formularza zapyta\u0144.<\/li>\n\n\n\n<li>Ka\u017cda osoba, kt\u00f3rej dane dotycz\u0105 (je\u017celi jeste\u015bmy ich administratorem) ma prawo dost\u0119pu do danych, sprostowania, usuni\u0119cia lub ograniczenia przetwarzania, prawo sprzeciwu, prawo wniesienia skargi do organu nadzorczego.<\/li>\n\n\n\n<li>Kontakt z&nbsp;osob\u0105 nadzoruj\u0105c\u0105 przetwarzanie danych osobowych w&nbsp;organizacji Us\u0142ugodawcy jest mo\u017cliwy drog\u0105&nbsp;elektroniczn\u0105 pod adresem e-mail:<br>contact@compacc.tax.<\/li>\n\n\n\n<li>Zastrzegamy sobie prawo do przetwarzania Twoich danych po rozwi\u0105zaniu Umowy lub cofni\u0119ciu zgody tylko w&nbsp;zakresie na potrzeby dochodzenia ewentualnych roszcze\u0144 przed s\u0105dem lub je\u017celi przepisy krajowe albo unijne b\u0105d\u017a&nbsp;prawa mi\u0119dzynarodowego obliguj\u0105 nas do retencji danych.<\/li>\n\n\n\n<li>Us\u0142ugodawca ma prawo udost\u0119pnia\u0107 dane osobowe U\u017cytkownika oraz innych jego danych podmiotom upowa\u017cnionym na podstawie w\u0142a\u015bciwych przepis\u00f3w prawa (np. organom \u015bcigania).<\/li>\n\n\n\n<li>Usuni\u0119cie danych osobowych mo\u017ce nast\u0105pi\u0107 na skutek cofni\u0119cia zgody b\u0105d\u017a wniesienia prawnie dopuszczalnego sprzeciwu na przetwarzanie danych osobowych.<\/li>\n\n\n\n<li>Us\u0142ugodawca nie udost\u0119pniania danych osobowych innym podmiotom ani\u017celi upowa\u017cnionym na podstawie w\u0142a\u015bciwych przepis\u00f3w prawa.<\/li>\n\n\n\n<li>Us\u0142ugodawca zapewnia aktualne standardy zabezpiecze\u0144 celem zminimalizowania skutk\u00f3w ewentualnego naruszenia bezpiecze\u0144stwa danych.<\/li>\n\n\n\n<li>Dane osobowe przetwarzaj\u0105 osoby wy\u0142\u0105cznie upowa\u017cnione przez nas albo przetwarzaj\u0105cy, z&nbsp;kt\u00f3rymi \u015bci\u015ble wsp\u00f3\u0142pracujemy.<\/li>\n<\/ol>\n\n\n\n<h2 class=\"wp-block-heading\"><strong>\u00a73. Pliki cookies<\/strong><\/h2>\n\n\n\n<p>18. Witryna\u00a0<strong>https:\/\/compacc.tax\/<\/strong>\u00a0u\u017cywa cookies. S\u0105 to niewielkie pliki tekstowe wysy\u0142ane przez serwer www i\u00a0przechowywane przez oprogramowanie komputera przegl\u0105darki. Kiedy przegl\u0105darka ponownie po\u0142\u0105czy si\u0119 ze stron\u0105, witryna rozpoznaje rodzaj urz\u0105dzenia, z\u00a0kt\u00f3rego \u0142\u0105czy si\u0119 u\u017cytkownik. Parametry pozwalaj\u0105 na odczytanie informacji w\u00a0nich zawartych jedynie serwerowi, kt\u00f3ry je utworzy\u0142. Cookies u\u0142atwiaj\u0105 wi\u0119c korzystanie z\u00a0wcze\u015bniej odwiedzonych witryn.<\/p>\n\n\n\n<p>Gromadzone informacje dotycz\u0105 adresu IP, typu wykorzystywanej przegl\u0105darki, j\u0119zyka, rodzaju systemu operacyjnego, dostawcy us\u0142ug internetowych, informacji o&nbsp;czasie i&nbsp;dacie, lokalizacji oraz informacji przesy\u0142anych do witryny za po\u015brednictwem formularza kontaktowego.<\/p>\n\n\n\n<p>19. Zebrane dane s\u0142u\u017c\u0105 do monitorowania i\u00a0sprawdzenia, w\u00a0jaki spos\u00f3b u\u017cytkownicy korzystaj\u0105 z\u00a0naszych witryn, aby usprawnia\u0107 funkcjonowanie serwisu zapewniaj\u0105c bardziej efektywn\u0105 i\u00a0bezproblemow\u0105 nawigacj\u0119. Monitorowania informacji o\u00a0u\u017cytkownikach dokonujemy korzystaj\u0105c z\u00a0narz\u0119dzia Google Analitics, kt\u00f3re rejestruje zachowanie u\u017cytkownika na stronie.<\/p>\n\n\n\n<p>Cookies identyfikuje u\u017cytkownika, co pozwala na dopasowanie tre\u015bci witryny, z&nbsp;kt\u00f3rej korzysta, do jego potrzeb. Zapami\u0119tuj\u0105c jego preferencje, umo\u017cliwia odpowiednie dopasowanie skierowanych do niego reklam. Stosujemy pliki cookies, aby zagwarantowa\u0107 najwy\u017cszy standard wygody naszego serwisu, a&nbsp;zebrane dane s\u0105 wykorzystywane jedynie wewn\u0105trz firmy Rafin Group Sp. z o.o. w&nbsp;celu optymalizacji dzia\u0142a\u0144.<\/p>\n\n\n\n<p>20. \u00a0Na naszej witrynie wykorzystujemy nast\u0119puj\u0105ce pliki cookies:<\/p>\n\n\n\n<p>a) \u201eniezb\u0119dne\u201d pliki cookies, umo\u017cliwiaj\u0105ce korzystanie z&nbsp;us\u0142ug dost\u0119pnych w&nbsp;ramach serwisu, np. uwierzytelniaj\u0105ce pliki cookies wykorzystywane do us\u0142ug wymagaj\u0105cych uwierzytelniania w&nbsp;ramach serwisu;<\/p>\n\n\n\n<p>b) pliki cookies s\u0142u\u017c\u0105ce do zapewnienia bezpiecze\u0144stwa, np. wykorzystywane do wykrywania nadu\u017cy\u0107 w&nbsp;zakresie uwierzytelniania w&nbsp;ramach serwisu;<\/p>\n\n\n\n<p>c) \u201ewydajno\u015bciowe\u201d pliki cookies, umo\u017cliwiaj\u0105ce zbieranie informacji o&nbsp;sposobie korzystania ze stron internetowych serwisu;<\/p>\n\n\n\n<p>d) \u201efunkcjonalne\u201d pliki cookies, umo\u017cliwiaj\u0105ce \u201ezapami\u0119tanie\u201d wybranych przez u\u017cytkownika ustawie\u0144 i&nbsp;personalizacj\u0119 interfejsu u\u017cytkownika, np. w&nbsp;zakresie wybranego j\u0119zyka lub regionu, z&nbsp;kt\u00f3rego pochodzi u\u017cytkownik, rozmiaru czcionki, wygl\u0105du strony internetowej itp.;<\/p>\n\n\n\n<p>e) \u201ereklamowe\u201d pliki cookies, umo\u017cliwiaj\u0105ce dostarczanie u\u017cytkownikom tre\u015bci reklamowych bardziej dostosowanych do ich zainteresowa\u0144.<\/p>\n\n\n\n<p>21. U\u017cytkownik w\u00a0ka\u017cdej chwili ma mo\u017cliwo\u015b\u0107 wy\u0142\u0105czenia lub przywr\u00f3cenia opcji gromadzenia cookies poprzez zmian\u0119 ustawie\u0144 w\u00a0przegl\u0105darce internetowej. Instrukcja zarz\u0105dzania plikami cookies jest dost\u0119pna na stronie<\/p>\n\n\n\n<p>http:\/\/www.allaboutcookies.org\/manage-cookies<\/p>\n\n\n\n<p>22. Dodatkowe dane osobowe, jak adres e-mail, zbierane s\u0105 jedynie w\u00a0miejscach, w\u00a0kt\u00f3rych u\u017cytkownik wype\u0142niaj\u0105c formularz wyra\u017anie wyrazi\u0142 na to zgod\u0119. Powy\u017csze dane zachowujemy i\u00a0wykorzystujemy tylko do potrzeb niezb\u0119dnych do wykonania danej funkcji.<\/p>\n","protected":false},"excerpt":{"rendered":"<p>\u00a7.1 Postanowienia Og\u00f3lne \u00a72. Administrator Danych \u00a73. Pliki cookies 18. Witryna\u00a0https:\/\/compacc.tax\/\u00a0u\u017cywa cookies. S\u0105 to niewielkie pliki tekstowe wysy\u0142ane przez serwer www i\u00a0przechowywane przez oprogramowanie komputera przegl\u0105darki. Kiedy przegl\u0105darka ponownie po\u0142\u0105czy si\u0119 ze stron\u0105, witryna rozpoznaje rodzaj urz\u0105dzenia, z\u00a0kt\u00f3rego \u0142\u0105czy si\u0119 u\u017cytkownik. Parametry pozwalaj\u0105 na odczytanie informacji w\u00a0nich zawartych jedynie serwerowi, kt\u00f3ry je utworzy\u0142. Cookies u\u0142atwiaj\u0105 [&hellip;]<\/p>\n","protected":false},"author":3,"featured_media":0,"parent":0,"menu_order":0,"comment_status":"closed","ping_status":"closed","template":"","meta":{"footnotes":""},"class_list":["post-3","page","type-page","status-publish","hentry"],"yoast_head":"<!-- This site is optimized with the Yoast SEO plugin v27.3 - https:\/\/yoast.com\/product\/yoast-seo-wordpress\/ -->\n<title>Polityka prywatno\u015bci &#8211; Compacc: Complete Accountant<\/title>\n<meta name=\"robots\" content=\"noindex, follow\" \/>\n<meta property=\"og:locale\" content=\"pl_PL\" \/>\n<meta property=\"og:type\" content=\"article\" \/>\n<meta property=\"og:title\" content=\"Polityka prywatno\u015bci &#8211; Compacc: Complete Accountant\" \/>\n<meta property=\"og:description\" content=\"\u00a7.1 Postanowienia Og\u00f3lne \u00a72. Administrator Danych \u00a73. Pliki cookies 18. Witryna\u00a0https:\/\/compacc.tax\/\u00a0u\u017cywa cookies. S\u0105 to niewielkie pliki tekstowe wysy\u0142ane przez serwer www i\u00a0przechowywane przez oprogramowanie komputera przegl\u0105darki. Kiedy przegl\u0105darka ponownie po\u0142\u0105czy si\u0119 ze stron\u0105, witryna rozpoznaje rodzaj urz\u0105dzenia, z\u00a0kt\u00f3rego \u0142\u0105czy si\u0119 u\u017cytkownik. Parametry pozwalaj\u0105 na odczytanie informacji w\u00a0nich zawartych jedynie serwerowi, kt\u00f3ry je utworzy\u0142. Cookies u\u0142atwiaj\u0105 [&hellip;]\" \/>\n<meta property=\"og:url\" content=\"https:\/\/compacc.tax\/pl\/polityka-prywatnosci\/\" \/>\n<meta property=\"og:site_name\" content=\"Compacc: Complete Accountant\" \/>\n<meta property=\"article:modified_time\" content=\"2024-01-18T10:30:28+00:00\" \/>\n<meta name=\"twitter:card\" content=\"summary_large_image\" \/>\n<meta name=\"twitter:label1\" content=\"Szacowany czas czytania\" \/>\n\t<meta name=\"twitter:data1\" content=\"6 minut\" \/>\n<script type=\"application\/ld+json\" class=\"yoast-schema-graph\">{\"@context\":\"https:\\\/\\\/schema.org\",\"@graph\":[{\"@type\":\"WebPage\",\"@id\":\"https:\\\/\\\/compacc.tax\\\/pl\\\/polityka-prywatnosci\\\/\",\"url\":\"https:\\\/\\\/compacc.tax\\\/pl\\\/polityka-prywatnosci\\\/\",\"name\":\"Polityka prywatno\u015bci &#8211; Compacc: Complete Accountant\",\"isPartOf\":{\"@id\":\"https:\\\/\\\/compacc.tax\\\/pl\\\/#website\"},\"datePublished\":\"2023-12-18T12:01:34+00:00\",\"dateModified\":\"2024-01-18T10:30:28+00:00\",\"breadcrumb\":{\"@id\":\"https:\\\/\\\/compacc.tax\\\/pl\\\/polityka-prywatnosci\\\/#breadcrumb\"},\"inLanguage\":\"pl-PL\",\"potentialAction\":[{\"@type\":\"ReadAction\",\"target\":[\"https:\\\/\\\/compacc.tax\\\/pl\\\/polityka-prywatnosci\\\/\"]}]},{\"@type\":\"BreadcrumbList\",\"@id\":\"https:\\\/\\\/compacc.tax\\\/pl\\\/polityka-prywatnosci\\\/#breadcrumb\",\"itemListElement\":[{\"@type\":\"ListItem\",\"position\":1,\"name\":\"Strona g\u0142\u00f3wna\",\"item\":\"https:\\\/\\\/compacc.tax\\\/pl\\\/\"},{\"@type\":\"ListItem\",\"position\":2,\"name\":\"Polityka prywatno\u015bci\"}]},{\"@type\":\"WebSite\",\"@id\":\"https:\\\/\\\/compacc.tax\\\/pl\\\/#website\",\"url\":\"https:\\\/\\\/compacc.tax\\\/pl\\\/\",\"name\":\"CompAcc: Complete Accountant\",\"description\":\"\",\"publisher\":{\"@id\":\"https:\\\/\\\/compacc.tax\\\/pl\\\/#organization\"},\"potentialAction\":[{\"@type\":\"SearchAction\",\"target\":{\"@type\":\"EntryPoint\",\"urlTemplate\":\"https:\\\/\\\/compacc.tax\\\/pl\\\/?s={search_term_string}\"},\"query-input\":{\"@type\":\"PropertyValueSpecification\",\"valueRequired\":true,\"valueName\":\"search_term_string\"}}],\"inLanguage\":\"pl-PL\"},{\"@type\":\"Organization\",\"@id\":\"https:\\\/\\\/compacc.tax\\\/pl\\\/#organization\",\"name\":\"Compacc Tax\",\"url\":\"https:\\\/\\\/compacc.tax\\\/pl\\\/\",\"logo\":{\"@type\":\"ImageObject\",\"inLanguage\":\"pl-PL\",\"@id\":\"https:\\\/\\\/compacc.tax\\\/pl\\\/#\\\/schema\\\/logo\\\/image\\\/\",\"url\":\"https:\\\/\\\/compacc.tax\\\/wp-content\\\/uploads\\\/2023\\\/12\\\/compacc-logo.svg\",\"contentUrl\":\"https:\\\/\\\/compacc.tax\\\/wp-content\\\/uploads\\\/2023\\\/12\\\/compacc-logo.svg\",\"width\":141,\"height\":37,\"caption\":\"Compacc Tax\"},\"image\":{\"@id\":\"https:\\\/\\\/compacc.tax\\\/pl\\\/#\\\/schema\\\/logo\\\/image\\\/\"}}]}<\/script>\n<!-- \/ Yoast SEO plugin. -->","yoast_head_json":{"title":"Polityka prywatno\u015bci &#8211; Compacc: Complete Accountant","robots":{"index":"noindex","follow":"follow"},"og_locale":"pl_PL","og_type":"article","og_title":"Polityka prywatno\u015bci &#8211; Compacc: Complete Accountant","og_description":"\u00a7.1 Postanowienia Og\u00f3lne \u00a72. Administrator Danych \u00a73. Pliki cookies 18. Witryna\u00a0https:\/\/compacc.tax\/\u00a0u\u017cywa cookies. S\u0105 to niewielkie pliki tekstowe wysy\u0142ane przez serwer www i\u00a0przechowywane przez oprogramowanie komputera przegl\u0105darki. Kiedy przegl\u0105darka ponownie po\u0142\u0105czy si\u0119 ze stron\u0105, witryna rozpoznaje rodzaj urz\u0105dzenia, z\u00a0kt\u00f3rego \u0142\u0105czy si\u0119 u\u017cytkownik. Parametry pozwalaj\u0105 na odczytanie informacji w\u00a0nich zawartych jedynie serwerowi, kt\u00f3ry je utworzy\u0142. Cookies u\u0142atwiaj\u0105 [&hellip;]","og_url":"https:\/\/compacc.tax\/pl\/polityka-prywatnosci\/","og_site_name":"Compacc: Complete Accountant","article_modified_time":"2024-01-18T10:30:28+00:00","twitter_card":"summary_large_image","twitter_misc":{"Szacowany czas czytania":"6 minut"},"schema":{"@context":"https:\/\/schema.org","@graph":[{"@type":"WebPage","@id":"https:\/\/compacc.tax\/pl\/polityka-prywatnosci\/","url":"https:\/\/compacc.tax\/pl\/polityka-prywatnosci\/","name":"Polityka prywatno\u015bci &#8211; Compacc: Complete Accountant","isPartOf":{"@id":"https:\/\/compacc.tax\/pl\/#website"},"datePublished":"2023-12-18T12:01:34+00:00","dateModified":"2024-01-18T10:30:28+00:00","breadcrumb":{"@id":"https:\/\/compacc.tax\/pl\/polityka-prywatnosci\/#breadcrumb"},"inLanguage":"pl-PL","potentialAction":[{"@type":"ReadAction","target":["https:\/\/compacc.tax\/pl\/polityka-prywatnosci\/"]}]},{"@type":"BreadcrumbList","@id":"https:\/\/compacc.tax\/pl\/polityka-prywatnosci\/#breadcrumb","itemListElement":[{"@type":"ListItem","position":1,"name":"Strona g\u0142\u00f3wna","item":"https:\/\/compacc.tax\/pl\/"},{"@type":"ListItem","position":2,"name":"Polityka prywatno\u015bci"}]},{"@type":"WebSite","@id":"https:\/\/compacc.tax\/pl\/#website","url":"https:\/\/compacc.tax\/pl\/","name":"CompAcc: Complete Accountant","description":"","publisher":{"@id":"https:\/\/compacc.tax\/pl\/#organization"},"potentialAction":[{"@type":"SearchAction","target":{"@type":"EntryPoint","urlTemplate":"https:\/\/compacc.tax\/pl\/?s={search_term_string}"},"query-input":{"@type":"PropertyValueSpecification","valueRequired":true,"valueName":"search_term_string"}}],"inLanguage":"pl-PL"},{"@type":"Organization","@id":"https:\/\/compacc.tax\/pl\/#organization","name":"Compacc Tax","url":"https:\/\/compacc.tax\/pl\/","logo":{"@type":"ImageObject","inLanguage":"pl-PL","@id":"https:\/\/compacc.tax\/pl\/#\/schema\/logo\/image\/","url":"https:\/\/compacc.tax\/wp-content\/uploads\/2023\/12\/compacc-logo.svg","contentUrl":"https:\/\/compacc.tax\/wp-content\/uploads\/2023\/12\/compacc-logo.svg","width":141,"height":37,"caption":"Compacc Tax"},"image":{"@id":"https:\/\/compacc.tax\/pl\/#\/schema\/logo\/image\/"}}]}},"_links":{"self":[{"href":"https:\/\/compacc.tax\/pl\/wp-json\/wp\/v2\/pages\/3","targetHints":{"allow":["GET"]}}],"collection":[{"href":"https:\/\/compacc.tax\/pl\/wp-json\/wp\/v2\/pages"}],"about":[{"href":"https:\/\/compacc.tax\/pl\/wp-json\/wp\/v2\/types\/page"}],"author":[{"embeddable":true,"href":"https:\/\/compacc.tax\/pl\/wp-json\/wp\/v2\/users\/3"}],"replies":[{"embeddable":true,"href":"https:\/\/compacc.tax\/pl\/wp-json\/wp\/v2\/comments?post=3"}],"version-history":[{"count":7,"href":"https:\/\/compacc.tax\/pl\/wp-json\/wp\/v2\/pages\/3\/revisions"}],"predecessor-version":[{"id":743,"href":"https:\/\/compacc.tax\/pl\/wp-json\/wp\/v2\/pages\/3\/revisions\/743"}],"wp:attachment":[{"href":"https:\/\/compacc.tax\/pl\/wp-json\/wp\/v2\/media?parent=3"}],"curies":[{"name":"wp","href":"https:\/\/api.w.org\/{rel}","templated":true}]}}